{"id":20619,"date":"2021-12-30T13:32:40","date_gmt":"2021-12-30T18:32:40","guid":{"rendered":"https:\/\/harnoisenergies.com\/?page_id=20619"},"modified":"2024-03-07T15:03:31","modified_gmt":"2024-03-07T20:03:31","slug":"carte-commerciale-energies-express","status":"publish","type":"page","link":"https:\/\/harnoisenergies.com\/fr\/cardlock\/carte-commerciale-energies-express\/","title":{"rendered":"Carte commerciale \u00c9nergies Express"},"content":{"rendered":"    <div id=\"block-title-block_2eb8de1f4b6bfe1d129ef376bb077c8d\" class=\"  section--pt-80 section--pb-60\" style=\"background-color:\">\r\n        <div class=\"title-wrapper text-center\">\r\n                        <h2 class=\"headline\" style=\"margin-bottom:10px;color:#1e1e1e\">La carte pour faire \u00e9conomiser votre entreprise!<\/h2>\r\n            <p class=\"title-wrapper__sub title-wrapper__sub--bottom\" >Adapt\u00e9e aux besoin des entreprises dot\u00e9es d&#8217;une flotte de transport ou d&#8217;un v\u00e9hicule utilis\u00e9 \u00e0 des fins commerciales.<\/p>          <\/div>\r\n    <\/div>\r\n    <style type=\"text\/css\">\r\n        #block-title-block_2eb8de1f4b6bfe1d129ef376bb077c8d p{\r\n\t\t\t\tcolor:#1e1e1e;\r\n\t\t\t}\r\n    <\/style>\r\n\n\n    <ol id=\"block-tiles-block_f437b318fb8904586ab0d6ce7e92bd57\" class=\"tiles tiles--block not-list\">\r\n                                <li class=\"tile tile--gauche tile--background--black \">\r\n                <div class=\"tile__image\">\r\n                    <img decoding=\"async\" src=\"https:\/\/harnoisenergies.com\/wp-content\/uploads\/2024\/02\/carteenergiesexpress-1.jpg\"\/>\r\n                <\/div>\r\n                <div class=\"tile__content\">\r\n                    <div class=\"tile__content__inner\" style=\"\">\r\n                        <div class=\"tile__content__icon\"><\/div>\r\n                        <h3>Une carte multi\u00e9nergie!<\/h3>\n<p>La carte commerciale \u00c9nergies Express vous permet de b\u00e9n\u00e9ficier de prix concurrentiels sur le carburant en plus de vous procurer plusieurs produits compl\u00e9mentaires tels que du fluide d\u2019\u00e9chappement diesel, de l\u2019antigel, du liquide lave-glace et des lubrifiants. Cette carte vous permet d\u2019effectuer un seul arr\u00eat pour tous vos besoins, et ce, dans plus de 100 stations-service Harnois et Esso et plus de 20 postes automatis\u00e9s (Cardlock) Diesel Commercial Harnois.<\/p>\n<a href=\"https:\/\/harnoisenergies.com\/fr\/contact\/\" target=\"_self\" class=\"link d-block text-uppercase link--color--black link--hover--color--red link--fw--bold link--fs--16\">Contactez un repr\u00e9sentant&nbsp;&nbsp;<i class=\"far fa-angle-right\"><\/i><\/a>\n<p>&nbsp;<\/p>\n                    <\/div>\r\n                <\/div>\r\n            <\/li>\r\n                                <li class=\"tile tile--droite tile--background--black \">\r\n                <div class=\"tile__image\">\r\n                    <img decoding=\"async\" src=\"https:\/\/harnoisenergies.com\/wp-content\/uploads\/2024\/02\/960x668-energies_express.jpg\"\/>\r\n                <\/div>\r\n                <div class=\"tile__content\">\r\n                    <div class=\"tile__content__inner\" style=\"\">\r\n                        <div class=\"tile__content__icon\"><\/div>\r\n                        <h3>Avantages<\/h3>\n<p>La carte \u00c9nergies Express est accessible gr\u00e2ce \u00e0 un important r\u00e9seau \u00e0 travers le Qu\u00e9bec, dont plusieurs postes automatis\u00e9s 24 h. Un sommaire d\u00e9taill\u00e9 par montant d\u2019achat, taxes et volume en litres par unit\u00e9 de transport vous est remis. Un \u00e9tat de compte est \u00e9galement envoy\u00e9 sur une base hebdomadaire ou mensuelle.<\/p>\n<a href=\"https:\/\/harnoisenergies.com\/fr\/contact\/\" target=\"_self\" class=\"link d-block text-uppercase link--color--black link--hover--color--red link--fw--bold link--fs--16\">Commandez votre carte&nbsp;&nbsp;<i class=\"far fa-angle-right\"><\/i><\/a>\n                    <\/div>\r\n                <\/div>\r\n            <\/li>\r\n            <\/ol>\r\n\n\n\r\n<div class=\"mxo-imagetext section--ptb-80\" id=\"block-imagewithtext-block_ce22b101260a2ba36fd7280a30a5b7d9\" style=\"background-color:\">\r\n    <div class=\"container d-flex flex-column flex-md-row flex-wrap\">\r\n        <div class=\"mxo-imagetext__col-image order-1\">\r\n            <img decoding=\"async\" src=\"https:\/\/harnoisenergies.com\/wp-content\/uploads\/2021\/12\/portailclcientenergies.jpg\"\/>\r\n        <\/div>\r\n\r\n        <div class=\"mxo-imagetext__col-text order-2\">\r\n            <div>\r\n                <h2>D\u00e9couvrez notre portail client<\/h2>\n<p>Gr\u00e2ce \u00e0 notre portail client, suivez les activit\u00e9s de votre compte et consultez vos factures et vos relev\u00e9s de compte dans un environnement facile d\u2019utilisation et convivial.<\/p>\n<a href=\"https:\/\/moncompte.harnoisenergies.com\/login\" target=\"_blank\" class=\"link d-block text-uppercase link--color--black link--hover--color--red link--fw--bold link--fs--16\">Inscrivez-vous au portail client&nbsp;&nbsp;<i class=\"far fa-angle-right\"><\/i><\/a>\n                            <\/div>\r\n        <\/div>\r\n\r\n    <\/div>\r\n<\/div>\r\n\r\n\n\n\r\n<div class=\"mxo-imagetext section--ptb-80\" id=\"block-imagewithtext-block_bdcb886434dee1f156114a22608624a9\" style=\"background-color:\">\r\n    <div class=\"container d-flex flex-column flex-md-row flex-wrap\">\r\n        <div class=\"mxo-imagetext__col-image order-2\">\r\n            <img decoding=\"async\" src=\"https:\/\/harnoisenergies.com\/wp-content\/uploads\/2021\/12\/483x453-app-11.png\"\/>\r\n        <\/div>\r\n\r\n        <div class=\"mxo-imagetext__col-text order-1\">\r\n            <div>\r\n                <h2>Consultez notre application mobile<\/h2>\n<p>Que vous soyez un gestionnaire de flotte ou un chauffeur, maximisez vos d\u00e9placements gr\u00e2ce \u00e0\u00a0l\u2019application Harnois \u00c9nergies\u00a0qui vous guidera \u00e0 travers nos diff\u00e9rents points de ravitaillement. Vous y trouverez l\u2019horaire de chacun de nos points de ravitaillement, les services offerts ainsi que les types de paiements accept\u00e9s.<\/p>\n<a href=\"https:\/\/apps.apple.com\/ca\/app\/harnois-energies\/id1565405044\" target=\"_blank\" class=\"link d-block text-uppercase link--color--black link--hover--color--red link--fw--bold link--fs--16\">T\u00e9l\u00e9chargez l&#8217;application dans l&#8217;App Store&nbsp;&nbsp;<i class=\"far fa-angle-right\"><\/i><\/a>\n<a href=\"https:\/\/play.google.com\/store\/apps\/details?id=com.wecre8websites.harnois\" target=\"_blank\" class=\"link d-block text-uppercase link--color--black link--hover--color--red link--fw--bold link--fs--16\">T\u00e9l\u00e9chargez l&#8217;application dans Google Play&nbsp;&nbsp;<i class=\"far fa-angle-right\"><\/i><\/a>\n                            <\/div>\r\n        <\/div>\r\n\r\n    <\/div>\r\n<\/div>\r\n\r\n","protected":false},"excerpt":{"rendered":"","protected":false},"author":2,"featured_media":0,"parent":41432,"menu_order":2,"comment_status":"closed","ping_status":"closed","template":"","meta":{"_acf_changed":false,"footnotes":""},"class_list":["post-20619","page","type-page","status-publish","hentry"],"acf":{"img_banner":{"ID":34074,"id":34074,"title":"2200x720 energies_express","filename":"2200x720-energies_express.jpg","filesize":1136896,"url":"https:\/\/harnoisenergies.com\/wp-content\/uploads\/2024\/02\/2200x720-energies_express.jpg","link":"https:\/\/harnoisenergies.com\/fr\/cardlock\/carte-commerciale-energies-express\/2200x720-energies_express-2\/","alt":"","author":"2","description":"","caption":"","name":"2200x720-energies_express-2","status":"inherit","uploaded_to":20619,"date":"2024-02-16 20:41:02","modified":"2024-02-16 20:41:02","menu_order":0,"mime_type":"image\/jpeg","type":"image","subtype":"jpeg","icon":"https:\/\/harnoisenergies.com\/wp-includes\/images\/media\/default.png","width":2200,"height":720,"sizes":{"thumbnail":"https:\/\/harnoisenergies.com\/wp-content\/uploads\/2024\/02\/2200x720-energies_express-150x150.jpg","thumbnail-width":150,"thumbnail-height":150,"medium":"https:\/\/harnoisenergies.com\/wp-content\/uploads\/2024\/02\/2200x720-energies_express-300x98.jpg","medium-width":300,"medium-height":98,"medium_large":"https:\/\/harnoisenergies.com\/wp-content\/uploads\/2024\/02\/2200x720-energies_express-768x251.jpg","medium_large-width":768,"medium_large-height":251,"large":"https:\/\/harnoisenergies.com\/wp-content\/uploads\/2024\/02\/2200x720-energies_express-1024x335.jpg","large-width":1024,"large-height":335,"1536x1536":"https:\/\/harnoisenergies.com\/wp-content\/uploads\/2024\/02\/2200x720-energies_express-1536x503.jpg","1536x1536-width":1536,"1536x1536-height":503,"2048x2048":"https:\/\/harnoisenergies.com\/wp-content\/uploads\/2024\/02\/2200x720-energies_express-2048x670.jpg","2048x2048-width":2048,"2048x2048-height":670,"maxWidth":"https:\/\/harnoisenergies.com\/wp-content\/uploads\/2024\/02\/2200x720-energies_express-2000x655.jpg","maxWidth-width":2000,"maxWidth-height":655,"stdWidth":"https:\/\/harnoisenergies.com\/wp-content\/uploads\/2024\/02\/2200x720-energies_express-1200x393.jpg","stdWidth-width":1200,"stdWidth-height":393,"banner":"https:\/\/harnoisenergies.com\/wp-content\/uploads\/2024\/02\/2200x720-energies_express-1920x628.jpg","banner-width":1920,"banner-height":628,"bannerTablet":"https:\/\/harnoisenergies.com\/wp-content\/uploads\/2024\/02\/2200x720-energies_express-960x314.jpg","bannerTablet-width":960,"bannerTablet-height":314,"bannerMobile":"https:\/\/harnoisenergies.com\/wp-content\/uploads\/2024\/02\/2200x720-energies_express-650x650.jpg","bannerMobile-width":650,"bannerMobile-height":650,"logos-small":"https:\/\/harnoisenergies.com\/wp-content\/uploads\/2024\/02\/2200x720-energies_express-140x46.jpg","logos-small-width":140,"logos-small-height":46,"gform-image-choice-sm":"https:\/\/harnoisenergies.com\/wp-content\/uploads\/2024\/02\/2200x720-energies_express.jpg","gform-image-choice-sm-width":300,"gform-image-choice-sm-height":98,"gform-image-choice-md":"https:\/\/harnoisenergies.com\/wp-content\/uploads\/2024\/02\/2200x720-energies_express.jpg","gform-image-choice-md-width":400,"gform-image-choice-md-height":131,"gform-image-choice-lg":"https:\/\/harnoisenergies.com\/wp-content\/uploads\/2024\/02\/2200x720-energies_express.jpg","gform-image-choice-lg-width":600,"gform-image-choice-lg-height":196}},"img_banner_mobile":{"ID":34101,"id":34101,"title":"650x650 energies_express","filename":"650x650-energies_express.jpg","filesize":323361,"url":"https:\/\/harnoisenergies.com\/wp-content\/uploads\/2024\/02\/650x650-energies_express.jpg","link":"https:\/\/harnoisenergies.com\/fr\/cardlock\/carte-commerciale-energies-express\/650x650-energies_express-2\/","alt":"","author":"2","description":"","caption":"","name":"650x650-energies_express-2","status":"inherit","uploaded_to":20619,"date":"2024-02-16 21:14:07","modified":"2024-02-16 21:14:07","menu_order":0,"mime_type":"image\/jpeg","type":"image","subtype":"jpeg","icon":"https:\/\/harnoisenergies.com\/wp-includes\/images\/media\/default.png","width":650,"height":650,"sizes":{"thumbnail":"https:\/\/harnoisenergies.com\/wp-content\/uploads\/2024\/02\/650x650-energies_express-150x150.jpg","thumbnail-width":150,"thumbnail-height":150,"medium":"https:\/\/harnoisenergies.com\/wp-content\/uploads\/2024\/02\/650x650-energies_express-300x300.jpg","medium-width":300,"medium-height":300,"medium_large":"https:\/\/harnoisenergies.com\/wp-content\/uploads\/2024\/02\/650x650-energies_express.jpg","medium_large-width":650,"medium_large-height":650,"large":"https:\/\/harnoisenergies.com\/wp-content\/uploads\/2024\/02\/650x650-energies_express.jpg","large-width":650,"large-height":650,"1536x1536":"https:\/\/harnoisenergies.com\/wp-content\/uploads\/2024\/02\/650x650-energies_express.jpg","1536x1536-width":650,"1536x1536-height":650,"2048x2048":"https:\/\/harnoisenergies.com\/wp-content\/uploads\/2024\/02\/650x650-energies_express.jpg","2048x2048-width":650,"2048x2048-height":650,"maxWidth":"https:\/\/harnoisenergies.com\/wp-content\/uploads\/2024\/02\/650x650-energies_express.jpg","maxWidth-width":650,"maxWidth-height":650,"stdWidth":"https:\/\/harnoisenergies.com\/wp-content\/uploads\/2024\/02\/650x650-energies_express.jpg","stdWidth-width":650,"stdWidth-height":650,"banner":"https:\/\/harnoisenergies.com\/wp-content\/uploads\/2024\/02\/650x650-energies_express.jpg","banner-width":650,"banner-height":650,"bannerTablet":"https:\/\/harnoisenergies.com\/wp-content\/uploads\/2024\/02\/650x650-energies_express-450x450.jpg","bannerTablet-width":450,"bannerTablet-height":450,"bannerMobile":"https:\/\/harnoisenergies.com\/wp-content\/uploads\/2024\/02\/650x650-energies_express.jpg","bannerMobile-width":650,"bannerMobile-height":650,"logos-small":"https:\/\/harnoisenergies.com\/wp-content\/uploads\/2024\/02\/650x650-energies_express-140x140.jpg","logos-small-width":140,"logos-small-height":140,"gform-image-choice-sm":"https:\/\/harnoisenergies.com\/wp-content\/uploads\/2024\/02\/650x650-energies_express.jpg","gform-image-choice-sm-width":300,"gform-image-choice-sm-height":300,"gform-image-choice-md":"https:\/\/harnoisenergies.com\/wp-content\/uploads\/2024\/02\/650x650-energies_express.jpg","gform-image-choice-md-width":400,"gform-image-choice-md-height":400,"gform-image-choice-lg":"https:\/\/harnoisenergies.com\/wp-content\/uploads\/2024\/02\/650x650-energies_express.jpg","gform-image-choice-lg-width":600,"gform-image-choice-lg-height":600}},"cta_banniere":{"title":"Demandez votre carte ","url":"\/fr\/contact\/","target":"_blank"},"add_darker":true,"is_new_tag":false,"opt_title_under":false,"hide_page_title":false,"image_fluide":false},"featured_image_urls_v2":{"full":"","thumbnail":"","medium":"","medium_large":"","large":"","1536x1536":"","2048x2048":"","maxWidth":"","stdWidth":"","banner":"","bannerTablet":"","bannerMobile":"","logos-small":"","gform-image-choice-sm":"","gform-image-choice-md":"","gform-image-choice-lg":""},"post_excerpt_stackable_v2":"<p>La carte pour faire \u00e9conomiser votre entreprise! Adapt\u00e9e aux besoin des entreprises dot\u00e9es d&#8217;une flotte de transport ou d&#8217;un v\u00e9hicule utilis\u00e9 \u00e0 des fins commerciales. Une carte multi\u00e9nergie! La carte commerciale \u00c9nergies Express vous permet de b\u00e9n\u00e9ficier de prix concurrentiels sur le carburant en plus de vous procurer plusieurs produits compl\u00e9mentaires tels que du fluide d\u2019\u00e9chappement diesel, de l\u2019antigel, du liquide lave-glace et des lubrifiants. Cette carte vous permet d\u2019effectuer un seul arr\u00eat pour tous vos besoins, et ce, dans plus de 100 stations-service Harnois et Esso et plus de 20 postes automatis\u00e9s (Cardlock) Diesel Commercial Harnois. Contactez un repr\u00e9sentant&nbsp;&nbsp;&hellip;<\/p>\n","category_list_v2":"","author_info_v2":{"name":"alexandra borja","url":"https:\/\/harnoisenergies.com\/fr\/author\/alexandraborja\/"},"comments_num_v2":"0 comments","yoast_head":"<!-- This site is optimized with the Yoast SEO plugin v27.3 - https:\/\/yoast.com\/product\/yoast-seo-wordpress\/ -->\n<title>Carte commerciale \u00c9nergies Express - Harnois \u00c9nergies<\/title>\n<meta name=\"robots\" content=\"index, follow, max-snippet:-1, max-image-preview:large, max-video-preview:-1\" \/>\n<link rel=\"canonical\" href=\"https:\/\/harnoisenergies.com\/fr\/cardlock\/carte-commerciale-energies-express\/\" \/>\n<meta property=\"og:locale\" content=\"fr_CA\" \/>\n<meta property=\"og:type\" content=\"article\" \/>\n<meta property=\"og:title\" content=\"Carte commerciale \u00c9nergies Express - Harnois \u00c9nergies\" \/>\n<meta property=\"og:url\" content=\"https:\/\/harnoisenergies.com\/fr\/cardlock\/carte-commerciale-energies-express\/\" \/>\n<meta property=\"og:site_name\" content=\"Harnois \u00c9nergies\" \/>\n<meta property=\"article:modified_time\" content=\"2024-03-07T20:03:31+00:00\" \/>\n<meta name=\"twitter:card\" content=\"summary_large_image\" \/>\n<meta name=\"twitter:label1\" content=\"Estimation du temps de lecture\" \/>\n\t<meta name=\"twitter:data1\" content=\"3 minutes\" \/>\n<script type=\"application\/ld+json\" class=\"yoast-schema-graph\">{\"@context\":\"https:\\\/\\\/schema.org\",\"@graph\":[{\"@type\":\"WebPage\",\"@id\":\"https:\\\/\\\/harnoisenergies.com\\\/fr\\\/cardlock\\\/carte-commerciale-energies-express\\\/\",\"url\":\"https:\\\/\\\/harnoisenergies.com\\\/fr\\\/cardlock\\\/carte-commerciale-energies-express\\\/\",\"name\":\"Carte commerciale \u00c9nergies Express - Harnois \u00c9nergies\",\"isPartOf\":{\"@id\":\"https:\\\/\\\/harnoisenergies.com\\\/fr\\\/#website\"},\"datePublished\":\"2021-12-30T18:32:40+00:00\",\"dateModified\":\"2024-03-07T20:03:31+00:00\",\"breadcrumb\":{\"@id\":\"https:\\\/\\\/harnoisenergies.com\\\/fr\\\/cardlock\\\/carte-commerciale-energies-express\\\/#breadcrumb\"},\"inLanguage\":\"fr-CA\",\"potentialAction\":[{\"@type\":\"ReadAction\",\"target\":[\"https:\\\/\\\/harnoisenergies.com\\\/fr\\\/cardlock\\\/carte-commerciale-energies-express\\\/\"]}]},{\"@type\":\"BreadcrumbList\",\"@id\":\"https:\\\/\\\/harnoisenergies.com\\\/fr\\\/cardlock\\\/carte-commerciale-energies-express\\\/#breadcrumb\",\"itemListElement\":[{\"@type\":\"ListItem\",\"position\":1,\"name\":\"COMMERCIAL\",\"item\":\"https:\\\/\\\/harnoisenergies.com\\\/fr\\\/commercial\\\/\"},{\"@type\":\"ListItem\",\"position\":2,\"name\":\"Carte commerciale \u00c9nergies Express\"}]},{\"@type\":\"WebSite\",\"@id\":\"https:\\\/\\\/harnoisenergies.com\\\/fr\\\/#website\",\"url\":\"https:\\\/\\\/harnoisenergies.com\\\/fr\\\/\",\"name\":\"Harnois \u00c9nergies\",\"description\":\"Un site utilisant WordPress\",\"potentialAction\":[{\"@type\":\"SearchAction\",\"target\":{\"@type\":\"EntryPoint\",\"urlTemplate\":\"https:\\\/\\\/harnoisenergies.com\\\/fr\\\/?s={search_term_string}\"},\"query-input\":{\"@type\":\"PropertyValueSpecification\",\"valueRequired\":true,\"valueName\":\"search_term_string\"}}],\"inLanguage\":\"fr-CA\"}]}<\/script>\n<!-- \/ Yoast SEO plugin. -->","yoast_head_json":{"title":"Carte commerciale \u00c9nergies Express - Harnois \u00c9nergies","robots":{"index":"index","follow":"follow","max-snippet":"max-snippet:-1","max-image-preview":"max-image-preview:large","max-video-preview":"max-video-preview:-1"},"canonical":"https:\/\/harnoisenergies.com\/fr\/cardlock\/carte-commerciale-energies-express\/","og_locale":"fr_CA","og_type":"article","og_title":"Carte commerciale \u00c9nergies Express - Harnois \u00c9nergies","og_url":"https:\/\/harnoisenergies.com\/fr\/cardlock\/carte-commerciale-energies-express\/","og_site_name":"Harnois \u00c9nergies","article_modified_time":"2024-03-07T20:03:31+00:00","twitter_card":"summary_large_image","twitter_misc":{"Estimation du temps de lecture":"3 minutes"},"schema":{"@context":"https:\/\/schema.org","@graph":[{"@type":"WebPage","@id":"https:\/\/harnoisenergies.com\/fr\/cardlock\/carte-commerciale-energies-express\/","url":"https:\/\/harnoisenergies.com\/fr\/cardlock\/carte-commerciale-energies-express\/","name":"Carte commerciale \u00c9nergies Express - Harnois \u00c9nergies","isPartOf":{"@id":"https:\/\/harnoisenergies.com\/fr\/#website"},"datePublished":"2021-12-30T18:32:40+00:00","dateModified":"2024-03-07T20:03:31+00:00","breadcrumb":{"@id":"https:\/\/harnoisenergies.com\/fr\/cardlock\/carte-commerciale-energies-express\/#breadcrumb"},"inLanguage":"fr-CA","potentialAction":[{"@type":"ReadAction","target":["https:\/\/harnoisenergies.com\/fr\/cardlock\/carte-commerciale-energies-express\/"]}]},{"@type":"BreadcrumbList","@id":"https:\/\/harnoisenergies.com\/fr\/cardlock\/carte-commerciale-energies-express\/#breadcrumb","itemListElement":[{"@type":"ListItem","position":1,"name":"COMMERCIAL","item":"https:\/\/harnoisenergies.com\/fr\/commercial\/"},{"@type":"ListItem","position":2,"name":"Carte commerciale \u00c9nergies Express"}]},{"@type":"WebSite","@id":"https:\/\/harnoisenergies.com\/fr\/#website","url":"https:\/\/harnoisenergies.com\/fr\/","name":"Harnois \u00c9nergies","description":"Un site utilisant WordPress","potentialAction":[{"@type":"SearchAction","target":{"@type":"EntryPoint","urlTemplate":"https:\/\/harnoisenergies.com\/fr\/?s={search_term_string}"},"query-input":{"@type":"PropertyValueSpecification","valueRequired":true,"valueName":"search_term_string"}}],"inLanguage":"fr-CA"}]}},"publishpress_future_workflow_manual_trigger":{"enabledWorkflows":[]},"_links":{"self":[{"href":"https:\/\/harnoisenergies.com\/fr\/wp-json\/wp\/v2\/pages\/20619","targetHints":{"allow":["GET"]}}],"collection":[{"href":"https:\/\/harnoisenergies.com\/fr\/wp-json\/wp\/v2\/pages"}],"about":[{"href":"https:\/\/harnoisenergies.com\/fr\/wp-json\/wp\/v2\/types\/page"}],"author":[{"embeddable":true,"href":"https:\/\/harnoisenergies.com\/fr\/wp-json\/wp\/v2\/users\/2"}],"replies":[{"embeddable":true,"href":"https:\/\/harnoisenergies.com\/fr\/wp-json\/wp\/v2\/comments?post=20619"}],"version-history":[{"count":5,"href":"https:\/\/harnoisenergies.com\/fr\/wp-json\/wp\/v2\/pages\/20619\/revisions"}],"predecessor-version":[{"id":35120,"href":"https:\/\/harnoisenergies.com\/fr\/wp-json\/wp\/v2\/pages\/20619\/revisions\/35120"}],"up":[{"embeddable":true,"href":"https:\/\/harnoisenergies.com\/fr\/wp-json\/wp\/v2\/pages\/41432"}],"wp:attachment":[{"href":"https:\/\/harnoisenergies.com\/fr\/wp-json\/wp\/v2\/media?parent=20619"}],"curies":[{"name":"wp","href":"https:\/\/api.w.org\/{rel}","templated":true}]}}